{"id":1820,"date":"2020-07-31T12:12:48","date_gmt":"2020-07-31T10:12:48","guid":{"rendered":"https:\/\/msitalia.seisnet.com\/rifinitura-mais\/"},"modified":"2020-09-09T18:27:02","modified_gmt":"2020-09-09T16:27:02","slug":"acabado-maiz","status":"publish","type":"page","link":"https:\/\/www.ms-italia.com\/es\/tu-materia-prima\/maiz\/acabado-maiz\/","title":{"rendered":"Acabado"},"content":{"rendered":"","protected":false},"excerpt":{"rendered":"<p>Habilidades y tecnolog\u00edas en grado de responder a todas las necesidades en t\u00e9rminos de variedad de productos y tama\u00f1os de part\u00edculas obtenibles.<\/p>\n","protected":false},"author":2,"featured_media":1096,"parent":1841,"menu_order":2,"comment_status":"closed","ping_status":"closed","template":"page-lavorazione.php","meta":{"_acf_changed":false,"footnotes":""},"class_list":["post-1820","page","type-page","status-publish","has-post-thumbnail","hentry"],"acf":[],"aioseo_notices":[],"_links":{"self":[{"href":"https:\/\/www.ms-italia.com\/es\/wp-json\/wp\/v2\/pages\/1820","targetHints":{"allow":["GET"]}}],"collection":[{"href":"https:\/\/www.ms-italia.com\/es\/wp-json\/wp\/v2\/pages"}],"about":[{"href":"https:\/\/www.ms-italia.com\/es\/wp-json\/wp\/v2\/types\/page"}],"author":[{"embeddable":true,"href":"https:\/\/www.ms-italia.com\/es\/wp-json\/wp\/v2\/users\/2"}],"replies":[{"embeddable":true,"href":"https:\/\/www.ms-italia.com\/es\/wp-json\/wp\/v2\/comments?post=1820"}],"version-history":[{"count":3,"href":"https:\/\/www.ms-italia.com\/es\/wp-json\/wp\/v2\/pages\/1820\/revisions"}],"predecessor-version":[{"id":3111,"href":"https:\/\/www.ms-italia.com\/es\/wp-json\/wp\/v2\/pages\/1820\/revisions\/3111"}],"up":[{"embeddable":true,"href":"https:\/\/www.ms-italia.com\/es\/wp-json\/wp\/v2\/pages\/1841"}],"wp:featuredmedia":[{"embeddable":true,"href":"https:\/\/www.ms-italia.com\/es\/wp-json\/wp\/v2\/media\/1096"}],"wp:attachment":[{"href":"https:\/\/www.ms-italia.com\/es\/wp-json\/wp\/v2\/media?parent=1820"}],"curies":[{"name":"wp","href":"https:\/\/api.w.org\/{rel}","templated":true}]}}